{"id":1724,"date":"2022-01-03T11:04:25","date_gmt":"2022-01-03T11:04:25","guid":{"rendered":"https:\/\/rodrigowebdesigner.com\/site\/?page_id=1724"},"modified":"2024-12-07T11:13:23","modified_gmt":"2024-12-07T11:13:23","slug":"restauracao-de-fotos","status":"publish","type":"page","link":"https:\/\/rodrigowebdesigner.com\/site\/restauracao-de-fotos\/","title":{"rendered":"Restaura\u00e7\u00e3o de Fotos"},"content":{"rendered":"\t\t<div data-elementor-type=\"wp-page\" data-elementor-id=\"1724\" class=\"elementor elementor-1724\" data-elementor-post-type=\"page\">\n\t\t\t\t\t\t<section class=\"elementor-section elementor-top-section elementor-element elementor-element-b047404 elementor-section-height-min-height elementor-section-stretched elementor-section-boxed elementor-section-height-default elementor-section-items-middle\" data-id=\"b047404\" data-element_type=\"section\" data-settings=\"{&quot;stretch_section&quot;:&quot;section-stretched&quot;,&quot;background_background&quot;:&quot;classic&quot;}\">\n\t\t\t\t\t\t<div class=\"elementor-container elementor-column-gap-default\">\n\t\t\t\t\t<div class=\"elementor-column elementor-col-100 elementor-top-column elementor-element elementor-element-d5239d5\" data-id=\"d5239d5\" data-element_type=\"column\">\n\t\t\t<div class=\"elementor-widget-wrap elementor-element-populated\">\n\t\t\t\t\t\t<div class=\"elementor-element elementor-element-3f3904b elementor-widget elementor-widget-heading\" data-id=\"3f3904b\" data-element_type=\"widget\" data-widget_type=\"heading.default\">\n\t\t\t\t<div class=\"elementor-widget-container\">\n\t\t\t<h2 class=\"elementor-heading-title elementor-size-default\">Restaura\u00e7\u00e3o de fotos<\/h2>\t\t<\/div>\n\t\t\t\t<\/div>\n\t\t\t\t\t<\/div>\n\t\t<\/div>\n\t\t\t\t\t<\/div>\n\t\t<\/section>\n\t\t\t\t<section class=\"elementor-section elementor-top-section elementor-element elementor-element-ecdd671 elementor-section-boxed elementor-section-height-default elementor-section-height-default\" data-id=\"ecdd671\" data-element_type=\"section\">\n\t\t\t\t\t\t<div class=\"elementor-container elementor-column-gap-default\">\n\t\t\t\t\t<div class=\"elementor-column elementor-col-100 elementor-top-column elementor-element elementor-element-376a05d\" data-id=\"376a05d\" data-element_type=\"column\">\n\t\t\t<div class=\"elementor-widget-wrap\">\n\t\t\t\t\t\t\t<\/div>\n\t\t<\/div>\n\t\t\t\t\t<\/div>\n\t\t<\/section>\n\t\t\t\t<section class=\"elementor-section elementor-top-section elementor-element elementor-element-2b415d6 elementor-section-boxed elementor-section-height-default elementor-section-height-default\" data-id=\"2b415d6\" data-element_type=\"section\">\n\t\t\t\t\t\t<div class=\"elementor-container elementor-column-gap-default\">\n\t\t\t\t\t<div class=\"elementor-column elementor-col-100 elementor-top-column elementor-element elementor-element-9fed578\" data-id=\"9fed578\" data-element_type=\"column\">\n\t\t\t<div class=\"elementor-widget-wrap elementor-element-populated\">\n\t\t\t\t\t\t<div class=\"elementor-element elementor-element-19c7b83 elementor-align-center elementor-widget elementor-widget-button\" data-id=\"19c7b83\" data-element_type=\"widget\" data-widget_type=\"button.default\">\n\t\t\t\t<div class=\"elementor-widget-container\">\n\t\t\t\t\t<div class=\"elementor-button-wrapper\">\n\t\t\t<a class=\"elementor-button elementor-button-link elementor-size-sm\" href=\"https:\/\/api.whatsapp.com\/send?phone=5541996039860&#038;text=(cod:%20rest01)%20Ol%C3%A1!%20Gostaria%20de%20restaurar%20minhas%20fotos.%20Meu%20nome%20%C3%A9%20\">\n\t\t\t\t\t\t<span class=\"elementor-button-content-wrapper\">\n\t\t\t\t\t\t<span class=\"elementor-button-icon elementor-align-icon-left\">\n\t\t\t\t<i aria-hidden=\"true\" class=\"fab fa-whatsapp\"><\/i>\t\t\t<\/span>\n\t\t\t\t\t\t\t\t\t<span class=\"elementor-button-text\">Solicite um or\u00e7amento<\/span>\n\t\t\t\t\t<\/span>\n\t\t\t\t\t<\/a>\n\t\t<\/div>\n\t\t\t\t<\/div>\n\t\t\t\t<\/div>\n\t\t\t\t<div class=\"elementor-element elementor-element-990d446 elementor-widget elementor-widget-heading\" data-id=\"990d446\" data-element_type=\"widget\" data-widget_type=\"heading.default\">\n\t\t\t\t<div class=\"elementor-widget-container\">\n\t\t\t<h2 class=\"elementor-heading-title elementor-size-default\">Veja algumas fotos restauradas.<\/h2>\t\t<\/div>\n\t\t\t\t<\/div>\n\t\t\t\t\t<\/div>\n\t\t<\/div>\n\t\t\t\t\t<\/div>\n\t\t<\/section>\n\t\t\t\t<section class=\"elementor-section elementor-top-section elementor-element elementor-element-a533a03 elementor-section-boxed elementor-section-height-default elementor-section-height-default\" data-id=\"a533a03\" data-element_type=\"section\">\n\t\t\t\t\t\t<div class=\"elementor-container elementor-column-gap-default\">\n\t\t\t\t\t<div class=\"elementor-column elementor-col-50 elementor-top-column elementor-element elementor-element-2f317a0\" data-id=\"2f317a0\" data-element_type=\"column\">\n\t\t\t<div class=\"elementor-widget-wrap elementor-element-populated\">\n\t\t\t\t\t\t<div class=\"elementor-element elementor-element-28707b8 elementor-widget elementor-widget-image\" data-id=\"28707b8\" data-element_type=\"widget\" data-widget_type=\"image.default\">\n\t\t\t\t<div class=\"elementor-widget-container\">\n\t\t\t\t\t\t\t\t\t\t\t\t\t<img fetchpriority=\"high\" decoding=\"async\" width=\"540\" height=\"540\" src=\"https:\/\/rodrigowebdesigner.com\/site\/wp-content\/uploads\/2022\/01\/EDICAO-DE-FOTOS-2.jpg\" class=\"attachment-large size-large wp-image-1726\" alt=\"\" srcset=\"https:\/\/rodrigowebdesigner.com\/site\/wp-content\/uploads\/2022\/01\/EDICAO-DE-FOTOS-2.jpg 540w, https:\/\/rodrigowebdesigner.com\/site\/wp-content\/uploads\/2022\/01\/EDICAO-DE-FOTOS-2-300x300.jpg 300w, https:\/\/rodrigowebdesigner.com\/site\/wp-content\/uploads\/2022\/01\/EDICAO-DE-FOTOS-2-150x150.jpg 150w\" sizes=\"(max-width: 540px) 100vw, 540px\" \/>\t\t\t\t\t\t\t\t\t\t\t\t\t<\/div>\n\t\t\t\t<\/div>\n\t\t\t\t\t<\/div>\n\t\t<\/div>\n\t\t\t\t<div class=\"elementor-column elementor-col-50 elementor-top-column elementor-element elementor-element-4c6a4b8\" data-id=\"4c6a4b8\" data-element_type=\"column\">\n\t\t\t<div class=\"elementor-widget-wrap elementor-element-populated\">\n\t\t\t\t\t\t<div class=\"elementor-element elementor-element-f502649 elementor-widget elementor-widget-image\" data-id=\"f502649\" data-element_type=\"widget\" data-widget_type=\"image.default\">\n\t\t\t\t<div class=\"elementor-widget-container\">\n\t\t\t\t\t\t\t\t\t\t\t\t\t<img decoding=\"async\" width=\"540\" height=\"540\" src=\"https:\/\/rodrigowebdesigner.com\/site\/wp-content\/uploads\/2022\/01\/EDICAO-DE-FOTOS-1.jpg\" class=\"attachment-large size-large wp-image-1727\" alt=\"\" srcset=\"https:\/\/rodrigowebdesigner.com\/site\/wp-content\/uploads\/2022\/01\/EDICAO-DE-FOTOS-1.jpg 540w, https:\/\/rodrigowebdesigner.com\/site\/wp-content\/uploads\/2022\/01\/EDICAO-DE-FOTOS-1-300x300.jpg 300w, https:\/\/rodrigowebdesigner.com\/site\/wp-content\/uploads\/2022\/01\/EDICAO-DE-FOTOS-1-150x150.jpg 150w\" sizes=\"(max-width: 540px) 100vw, 540px\" \/>\t\t\t\t\t\t\t\t\t\t\t\t\t<\/div>\n\t\t\t\t<\/div>\n\t\t\t\t\t<\/div>\n\t\t<\/div>\n\t\t\t\t\t<\/div>\n\t\t<\/section>\n\t\t\t\t<section class=\"elementor-section elementor-top-section elementor-element elementor-element-5dc38ea elementor-section-boxed elementor-section-height-default elementor-section-height-default\" data-id=\"5dc38ea\" data-element_type=\"section\">\n\t\t\t\t\t\t<div class=\"elementor-container elementor-column-gap-default\">\n\t\t\t\t\t<div class=\"elementor-column elementor-col-100 elementor-top-column elementor-element elementor-element-3ab8e41\" data-id=\"3ab8e41\" data-element_type=\"column\">\n\t\t\t<div class=\"elementor-widget-wrap elementor-element-populated\">\n\t\t\t\t\t\t<div class=\"elementor-element elementor-element-64eef62 elementor-widget elementor-widget-heading\" data-id=\"64eef62\" data-element_type=\"widget\" data-widget_type=\"heading.default\">\n\t\t\t\t<div class=\"elementor-widget-container\">\n\t\t\t<h2 class=\"elementor-heading-title elementor-size-default\">Click nas fotos abaixo para ampliar<\/h2>\t\t<\/div>\n\t\t\t\t<\/div>\n\t\t\t\t\t<\/div>\n\t\t<\/div>\n\t\t\t\t\t<\/div>\n\t\t<\/section>\n\t\t\t\t<section class=\"elementor-section elementor-top-section elementor-element elementor-element-ef43e86 elementor-section-boxed elementor-section-height-default elementor-section-height-default\" data-id=\"ef43e86\" data-element_type=\"section\">\n\t\t\t\t\t\t<div class=\"elementor-container elementor-column-gap-default\">\n\t\t\t\t\t<div class=\"elementor-column elementor-col-50 elementor-top-column elementor-element elementor-element-07df59c\" data-id=\"07df59c\" data-element_type=\"column\">\n\t\t\t<div class=\"elementor-widget-wrap elementor-element-populated\">\n\t\t\t\t\t\t<div class=\"elementor-element elementor-element-00212db elementor-widget elementor-widget-heading\" data-id=\"00212db\" data-element_type=\"widget\" data-widget_type=\"heading.default\">\n\t\t\t\t<div class=\"elementor-widget-container\">\n\t\t\t<h2 class=\"elementor-heading-title elementor-size-default\">Antes<\/h2>\t\t<\/div>\n\t\t\t\t<\/div>\n\t\t\t\t<div class=\"elementor-element elementor-element-8866297 elementor-widget elementor-widget-image\" data-id=\"8866297\" data-element_type=\"widget\" data-widget_type=\"image.default\">\n\t\t\t\t<div class=\"elementor-widget-container\">\n\t\t\t\t\t\t\t\t\t\t\t\t\t\t<a href=\"http:\/\/rodrigowebdesigner.com\/site\/wp-content\/uploads\/2022\/05\/VO-E-VO.jpg\" target=\"_blank\">\n\t\t\t\t\t\t\t<img decoding=\"async\" width=\"640\" height=\"640\" src=\"https:\/\/rodrigowebdesigner.com\/site\/wp-content\/uploads\/2022\/05\/VO-E-VO.jpg\" class=\"attachment-large size-large wp-image-1927\" alt=\"\" srcset=\"https:\/\/rodrigowebdesigner.com\/site\/wp-content\/uploads\/2022\/05\/VO-E-VO.jpg 640w, https:\/\/rodrigowebdesigner.com\/site\/wp-content\/uploads\/2022\/05\/VO-E-VO-300x300.jpg 300w, https:\/\/rodrigowebdesigner.com\/site\/wp-content\/uploads\/2022\/05\/VO-E-VO-150x150.jpg 150w\" sizes=\"(max-width: 640px) 100vw, 640px\" \/>\t\t\t\t\t\t\t\t<\/a>\n\t\t\t\t\t\t\t\t\t\t\t\t\t<\/div>\n\t\t\t\t<\/div>\n\t\t\t\t\t<\/div>\n\t\t<\/div>\n\t\t\t\t<div class=\"elementor-column elementor-col-50 elementor-top-column elementor-element elementor-element-573ac7b\" data-id=\"573ac7b\" data-element_type=\"column\">\n\t\t\t<div class=\"elementor-widget-wrap elementor-element-populated\">\n\t\t\t\t\t\t<div class=\"elementor-element elementor-element-93bf71c elementor-widget elementor-widget-heading\" data-id=\"93bf71c\" data-element_type=\"widget\" data-widget_type=\"heading.default\">\n\t\t\t\t<div class=\"elementor-widget-container\">\n\t\t\t<h2 class=\"elementor-heading-title elementor-size-default\">Depois<\/h2>\t\t<\/div>\n\t\t\t\t<\/div>\n\t\t\t\t<div class=\"elementor-element elementor-element-1e3d020 elementor-widget elementor-widget-image\" data-id=\"1e3d020\" data-element_type=\"widget\" data-widget_type=\"image.default\">\n\t\t\t\t<div class=\"elementor-widget-container\">\n\t\t\t\t\t\t\t\t\t\t\t\t\t\t<a href=\"http:\/\/rodrigowebdesigner.com\/site\/wp-content\/uploads\/2022\/05\/VO-E-VO-editado.jpg\" target=\"_blank\">\n\t\t\t\t\t\t\t<img loading=\"lazy\" decoding=\"async\" width=\"640\" height=\"640\" src=\"https:\/\/rodrigowebdesigner.com\/site\/wp-content\/uploads\/2022\/05\/VO-E-VO-editado.jpg\" class=\"attachment-large size-large wp-image-1928\" alt=\"\" srcset=\"https:\/\/rodrigowebdesigner.com\/site\/wp-content\/uploads\/2022\/05\/VO-E-VO-editado.jpg 640w, https:\/\/rodrigowebdesigner.com\/site\/wp-content\/uploads\/2022\/05\/VO-E-VO-editado-300x300.jpg 300w, https:\/\/rodrigowebdesigner.com\/site\/wp-content\/uploads\/2022\/05\/VO-E-VO-editado-150x150.jpg 150w\" sizes=\"(max-width: 640px) 100vw, 640px\" \/>\t\t\t\t\t\t\t\t<\/a>\n\t\t\t\t\t\t\t\t\t\t\t\t\t<\/div>\n\t\t\t\t<\/div>\n\t\t\t\t\t<\/div>\n\t\t<\/div>\n\t\t\t\t\t<\/div>\n\t\t<\/section>\n\t\t\t\t<section class=\"elementor-section elementor-top-section elementor-element elementor-element-6253617 elementor-section-boxed elementor-section-height-default elementor-section-height-default\" data-id=\"6253617\" data-element_type=\"section\">\n\t\t\t\t\t\t<div class=\"elementor-container elementor-column-gap-default\">\n\t\t\t\t\t<div class=\"elementor-column elementor-col-100 elementor-top-column elementor-element elementor-element-5c0ee3f\" data-id=\"5c0ee3f\" data-element_type=\"column\">\n\t\t\t<div class=\"elementor-widget-wrap elementor-element-populated\">\n\t\t\t\t\t\t<div class=\"elementor-element elementor-element-216995a elementor-widget elementor-widget-image\" data-id=\"216995a\" data-element_type=\"widget\" data-widget_type=\"image.default\">\n\t\t\t\t<div class=\"elementor-widget-container\">\n\t\t\t\t\t\t\t\t\t\t\t\t\t\t<a href=\"http:\/\/rodrigowebdesigner.com\/site\/wp-content\/uploads\/2022\/11\/antes-e-depois.jpg\" target=\"_blank\">\n\t\t\t\t\t\t\t<img loading=\"lazy\" decoding=\"async\" width=\"1024\" height=\"768\" src=\"https:\/\/rodrigowebdesigner.com\/site\/wp-content\/uploads\/2022\/11\/antes-e-depois-1024x768.jpg\" class=\"attachment-large size-large wp-image-2261\" alt=\"\" srcset=\"https:\/\/rodrigowebdesigner.com\/site\/wp-content\/uploads\/2022\/11\/antes-e-depois-1024x768.jpg 1024w, https:\/\/rodrigowebdesigner.com\/site\/wp-content\/uploads\/2022\/11\/antes-e-depois-300x225.jpg 300w, https:\/\/rodrigowebdesigner.com\/site\/wp-content\/uploads\/2022\/11\/antes-e-depois-768x576.jpg 768w, https:\/\/rodrigowebdesigner.com\/site\/wp-content\/uploads\/2022\/11\/antes-e-depois-1536x1152.jpg 1536w, https:\/\/rodrigowebdesigner.com\/site\/wp-content\/uploads\/2022\/11\/antes-e-depois-2048x1536.jpg 2048w\" sizes=\"(max-width: 1024px) 100vw, 1024px\" \/>\t\t\t\t\t\t\t\t<\/a>\n\t\t\t\t\t\t\t\t\t\t\t\t\t<\/div>\n\t\t\t\t<\/div>\n\t\t\t\t\t<\/div>\n\t\t<\/div>\n\t\t\t\t\t<\/div>\n\t\t<\/section>\n\t\t\t\t<section class=\"elementor-section elementor-top-section elementor-element elementor-element-3d08cd2 elementor-section-boxed elementor-section-height-default elementor-section-height-default\" data-id=\"3d08cd2\" data-element_type=\"section\">\n\t\t\t\t\t\t<div class=\"elementor-container elementor-column-gap-default\">\n\t\t\t\t\t<div class=\"elementor-column elementor-col-100 elementor-top-column elementor-element elementor-element-00f061c\" data-id=\"00f061c\" data-element_type=\"column\">\n\t\t\t<div class=\"elementor-widget-wrap elementor-element-populated\">\n\t\t\t\t\t\t<div class=\"elementor-element elementor-element-3c8e160 elementor-align-center elementor-widget elementor-widget-button\" data-id=\"3c8e160\" data-element_type=\"widget\" data-widget_type=\"button.default\">\n\t\t\t\t<div class=\"elementor-widget-container\">\n\t\t\t\t\t<div class=\"elementor-button-wrapper\">\n\t\t\t<a class=\"elementor-button elementor-button-link elementor-size-sm\" href=\"https:\/\/api.whatsapp.com\/send?phone=5541996039860&#038;text=(cod:%20rest01)%20Ol%C3%A1!%20Gostaria%20de%20restaurar%20minhas%20fotos.%20Meu%20nome%20%C3%A9%20\">\n\t\t\t\t\t\t<span class=\"elementor-button-content-wrapper\">\n\t\t\t\t\t\t<span class=\"elementor-button-icon elementor-align-icon-left\">\n\t\t\t\t<i aria-hidden=\"true\" class=\"fab fa-whatsapp\"><\/i>\t\t\t<\/span>\n\t\t\t\t\t\t\t\t\t<span class=\"elementor-button-text\">Solicite um or\u00e7amento<\/span>\n\t\t\t\t\t<\/span>\n\t\t\t\t\t<\/a>\n\t\t<\/div>\n\t\t\t\t<\/div>\n\t\t\t\t<\/div>\n\t\t\t\t\t<\/div>\n\t\t<\/div>\n\t\t\t\t\t<\/div>\n\t\t<\/section>\n\t\t\t\t<\/div>\n\t\t","protected":false},"excerpt":{"rendered":"<p>Restaura\u00e7\u00e3o de fotos Solicite um or\u00e7amento Veja algumas fotos restauradas. Click nas fotos abaixo para ampliar Antes Depois Solicite um or\u00e7amento<\/p>\n","protected":false},"author":1,"featured_media":0,"parent":0,"menu_order":0,"comment_status":"closed","ping_status":"closed","template":"elementor_header_footer","meta":{"ocean_post_layout":"","ocean_both_sidebars_style":"","ocean_both_sidebars_content_width":0,"ocean_both_sidebars_sidebars_width":0,"ocean_sidebar":"0","ocean_second_sidebar":"0","ocean_disable_margins":"enable","ocean_add_body_class":"","ocean_shortcode_before_top_bar":"","ocean_shortcode_after_top_bar":"","ocean_shortcode_before_header":"","ocean_shortcode_after_header":"","ocean_has_shortcode":"","ocean_shortcode_after_title":"","ocean_shortcode_before_footer_widgets":"","ocean_shortcode_after_footer_widgets":"","ocean_shortcode_before_footer_bottom":"","ocean_shortcode_after_footer_bottom":"","ocean_display_top_bar":"default","ocean_display_header":"default","ocean_header_style":"","ocean_center_header_left_menu":"0","ocean_custom_header_template":"0","ocean_custom_logo":0,"ocean_custom_retina_logo":0,"ocean_custom_logo_max_width":0,"ocean_custom_logo_tablet_max_width":0,"ocean_custom_logo_mobile_max_width":0,"ocean_custom_logo_max_height":0,"ocean_custom_logo_tablet_max_height":0,"ocean_custom_logo_mobile_max_height":0,"ocean_header_custom_menu":"0","ocean_menu_typo_font_family":"0","ocean_menu_typo_font_subset":"","ocean_menu_typo_font_size":0,"ocean_menu_typo_font_size_tablet":0,"ocean_menu_typo_font_size_mobile":0,"ocean_menu_typo_font_size_unit":"px","ocean_menu_typo_font_weight":"","ocean_menu_typo_font_weight_tablet":"","ocean_menu_typo_font_weight_mobile":"","ocean_menu_typo_transform":"","ocean_menu_typo_transform_tablet":"","ocean_menu_typo_transform_mobile":"","ocean_menu_typo_line_height":0,"ocean_menu_typo_line_height_tablet":0,"ocean_menu_typo_line_height_mobile":0,"ocean_menu_typo_line_height_unit":"","ocean_menu_typo_spacing":0,"ocean_menu_typo_spacing_tablet":0,"ocean_menu_typo_spacing_mobile":0,"ocean_menu_typo_spacing_unit":"","ocean_menu_link_color":"","ocean_menu_link_color_hover":"","ocean_menu_link_color_active":"","ocean_menu_link_background":"","ocean_menu_link_hover_background":"","ocean_menu_link_active_background":"","ocean_menu_social_links_bg":"","ocean_menu_social_hover_links_bg":"","ocean_menu_social_links_color":"","ocean_menu_social_hover_links_color":"","ocean_disable_title":"on","ocean_disable_heading":"default","ocean_post_title":"","ocean_post_subheading":"","ocean_post_title_style":"","ocean_post_title_background_color":"","ocean_post_title_background":0,"ocean_post_title_bg_image_position":"","ocean_post_title_bg_image_attachment":"","ocean_post_title_bg_image_repeat":"","ocean_post_title_bg_image_size":"","ocean_post_title_height":0,"ocean_post_title_bg_overlay":0.5,"ocean_post_title_bg_overlay_color":"","ocean_disable_breadcrumbs":"default","ocean_breadcrumbs_color":"","ocean_breadcrumbs_separator_color":"","ocean_breadcrumbs_links_color":"","ocean_breadcrumbs_links_hover_color":"","ocean_display_footer_widgets":"default","ocean_display_footer_bottom":"default","ocean_custom_footer_template":"0","h5ap_radio_sources":[],"footnotes":""},"ams_acf":[],"_links":{"self":[{"href":"https:\/\/rodrigowebdesigner.com\/site\/wp-json\/wp\/v2\/pages\/1724"}],"collection":[{"href":"https:\/\/rodrigowebdesigner.com\/site\/wp-json\/wp\/v2\/pages"}],"about":[{"href":"https:\/\/rodrigowebdesigner.com\/site\/wp-json\/wp\/v2\/types\/page"}],"author":[{"embeddable":true,"href":"https:\/\/rodrigowebdesigner.com\/site\/wp-json\/wp\/v2\/users\/1"}],"replies":[{"embeddable":true,"href":"https:\/\/rodrigowebdesigner.com\/site\/wp-json\/wp\/v2\/comments?post=1724"}],"version-history":[{"count":51,"href":"https:\/\/rodrigowebdesigner.com\/site\/wp-json\/wp\/v2\/pages\/1724\/revisions"}],"predecessor-version":[{"id":5279,"href":"https:\/\/rodrigowebdesigner.com\/site\/wp-json\/wp\/v2\/pages\/1724\/revisions\/5279"}],"wp:attachment":[{"href":"https:\/\/rodrigowebdesigner.com\/site\/wp-json\/wp\/v2\/media?parent=1724"}],"curies":[{"name":"wp","href":"https:\/\/api.w.org\/{rel}","templated":true}]}}