{"id":5558,"date":"2026-05-09T23:13:17","date_gmt":"2026-05-09T23:13:17","guid":{"rendered":"https:\/\/rodrigowebdesigner.com\/site\/?page_id=5558"},"modified":"2026-05-11T12:49:24","modified_gmt":"2026-05-11T12:49:24","slug":"caneca-personalizada-da-copa-do-mundo-2026","status":"publish","type":"page","link":"https:\/\/rodrigowebdesigner.com\/site\/caneca-personalizada-da-copa-do-mundo-2026\/","title":{"rendered":"Caneca personalizada da Copa do mundo 2026"},"content":{"rendered":"\t\t<div data-elementor-type=\"wp-page\" data-elementor-id=\"5558\" class=\"elementor elementor-5558\" data-elementor-post-type=\"page\">\n\t\t\t\t<div class=\"elementor-element elementor-element-4f30502 e-flex e-con-boxed e-con e-parent\" data-id=\"4f30502\" data-element_type=\"container\">\n\t\t\t\t\t<div class=\"e-con-inner\">\n\t\t\t\t<div class=\"elementor-element elementor-element-7bf74a3 elementor-widget__width-initial elementor-widget-mobile__width-initial elementor-widget elementor-widget-text-editor\" data-id=\"7bf74a3\" data-element_type=\"widget\" data-widget_type=\"text-editor.default\">\n\t\t\t\t<div class=\"elementor-widget-container\">\n\t\t\t\t\t\t\t<p style=\"text-align: center;\">\ud83c\udfc6\u2615 ENTRE NO CLIMA DA COPA 2026 COM UMA CANECA PERSONALIZADA!<\/p>\t\t\t\t\t\t<\/div>\n\t\t\t\t<\/div>\n\t\t\t\t<div class=\"elementor-element elementor-element-8d7abe0 elementor-widget__width-initial elementor-widget elementor-widget-image\" data-id=\"8d7abe0\" data-element_type=\"widget\" data-widget_type=\"image.default\">\n\t\t\t\t<div class=\"elementor-widget-container\">\n\t\t\t\t\t\t\t\t\t\t\t\t\t<img fetchpriority=\"high\" decoding=\"async\" width=\"1024\" height=\"683\" src=\"https:\/\/rodrigowebdesigner.com\/site\/wp-content\/uploads\/2026\/05\/caneca2-1024x683.jpg\" class=\"attachment-large size-large wp-image-5581\" alt=\"\" srcset=\"https:\/\/rodrigowebdesigner.com\/site\/wp-content\/uploads\/2026\/05\/caneca2-1024x683.jpg 1024w, https:\/\/rodrigowebdesigner.com\/site\/wp-content\/uploads\/2026\/05\/caneca2-300x200.jpg 300w, https:\/\/rodrigowebdesigner.com\/site\/wp-content\/uploads\/2026\/05\/caneca2-768x512.jpg 768w, https:\/\/rodrigowebdesigner.com\/site\/wp-content\/uploads\/2026\/05\/caneca2.jpg 1536w\" sizes=\"(max-width: 1024px) 100vw, 1024px\" \/>\t\t\t\t\t\t\t\t\t\t\t\t\t<\/div>\n\t\t\t\t<\/div>\n\t\t\t\t<div class=\"elementor-element elementor-element-3c0a24a elementor-widget__width-initial elementor-widget-mobile__width-initial elementor-widget elementor-widget-text-editor\" data-id=\"3c0a24a\" data-element_type=\"widget\" data-widget_type=\"text-editor.default\">\n\t\t\t\t<div class=\"elementor-widget-container\">\n\t\t\t\t\t\t\t<p>SOLICITE SEU OR\u00c7AMENTO ATRAV\u00c9S DO FORMUL\u00c1RIO ABAIXO<\/p>\t\t\t\t\t\t<\/div>\n\t\t\t\t<\/div>\n\t\t\t\t\t<\/div>\n\t\t\t\t<\/div>\n\t\t<div class=\"elementor-element elementor-element-cd7680f elementor-hidden-tablet elementor-hidden-mobile e-flex e-con-boxed e-con e-parent\" data-id=\"cd7680f\" data-element_type=\"container\">\n\t\t\t\t\t<div class=\"e-con-inner\">\n\t\t<div class=\"elementor-element elementor-element-bd81e21 e-con-full e-flex e-con e-child\" data-id=\"bd81e21\" data-element_type=\"container\">\n\t\t\t\t<\/div>\n\t\t<div class=\"elementor-element elementor-element-e791841 e-con-full e-flex e-con e-child\" data-id=\"e791841\" data-element_type=\"container\">\n\t\t\t\t<div class=\"elementor-element elementor-element-0a22702 elementor-widget elementor-widget-shortcode\" data-id=\"0a22702\" data-element_type=\"widget\" data-widget_type=\"shortcode.default\">\n\t\t\t\t<div class=\"elementor-widget-container\">\n\t\t\t\t\t<div class=\"elementor-shortcode\"><div class=\"wpforms-container wpforms-container-full\" id=\"wpforms-5569\"><form id=\"wpforms-form-5569\" class=\"wpforms-validate wpforms-form\" data-formid=\"5569\" method=\"post\" enctype=\"multipart\/form-data\" action=\"\/site\/wp-json\/wp\/v2\/pages\/5558\" data-token=\"152a29caf705f626f1dcdd693d0b8b93\" data-token-time=\"1778673825\"><noscript class=\"wpforms-error-noscript\">Please enable JavaScript in your browser to complete this form.<\/noscript><div class=\"wpforms-field-container\"><div id=\"wpforms-5569-field_1-container\" class=\"wpforms-field wpforms-field-name\" data-field-id=\"1\"><label class=\"wpforms-field-label\" for=\"wpforms-5569-field_1\">Nome <span class=\"wpforms-required-label\">*<\/span><\/label><input type=\"text\" id=\"wpforms-5569-field_1\" class=\"wpforms-field-medium wpforms-field-required\" name=\"wpforms[fields][1]\" required><\/div><div id=\"wpforms-5569-field_2-container\" class=\"wpforms-field wpforms-field-email\" data-field-id=\"2\"><label class=\"wpforms-field-label\" for=\"wpforms-5569-field_2\">Email <span class=\"wpforms-required-label\">*<\/span><\/label><input type=\"email\" id=\"wpforms-5569-field_2\" class=\"wpforms-field-medium wpforms-field-required\" name=\"wpforms[fields][2]\" spellcheck=\"false\" required><\/div><div id=\"wpforms-5569-field_3-container\" class=\"wpforms-field wpforms-field-text\" data-field-id=\"3\"><label class=\"wpforms-field-label\" for=\"wpforms-5569-field_3\">Fone <span class=\"wpforms-required-label\">*<\/span><\/label><input type=\"text\" id=\"wpforms-5569-field_3\" class=\"wpforms-field-medium wpforms-field-required\" name=\"wpforms[fields][3]\" required><\/div><div id=\"wpforms-5569-field_8-container\" class=\"wpforms-field wpforms-field-radio\" data-field-id=\"8\"><label class=\"wpforms-field-label\">Produto <span class=\"wpforms-required-label\">*<\/span><\/label><ul id=\"wpforms-5569-field_8\" class=\"wpforms-field-required\"><li class=\"choice-1 depth-1\"><input type=\"radio\" id=\"wpforms-5569-field_8_1\" name=\"wpforms[fields][8]\" value=\"Caneca Porcelana Branca 325ml\" required ><label class=\"wpforms-field-label-inline\" for=\"wpforms-5569-field_8_1\">Caneca Porcelana Branca 325ml<\/label><\/li><\/ul><\/div><div id=\"wpforms-5569-field_9-container\" class=\"wpforms-field wpforms-field-radio\" data-field-id=\"9\"><label class=\"wpforms-field-label\">Tamanho <span class=\"wpforms-required-label\">*<\/span><\/label><ul id=\"wpforms-5569-field_9\" class=\"wpforms-field-required\"><li class=\"choice-1 depth-1\"><input type=\"radio\" id=\"wpforms-5569-field_9_1\" name=\"wpforms[fields][9]\" value=\"20,5x10cm\" required ><label class=\"wpforms-field-label-inline\" for=\"wpforms-5569-field_9_1\">20,5x10cm<\/label><\/li><\/ul><\/div><div id=\"wpforms-5569-field_10-container\" class=\"wpforms-field wpforms-field-radio\" data-field-id=\"10\"><label class=\"wpforms-field-label\">Quantidade <span class=\"wpforms-required-label\">*<\/span><\/label><ul id=\"wpforms-5569-field_10\" class=\"wpforms-field-required\"><li class=\"choice-1 depth-1\"><input type=\"radio\" id=\"wpforms-5569-field_10_1\" name=\"wpforms[fields][10]\" value=\"1\" required ><label class=\"wpforms-field-label-inline\" for=\"wpforms-5569-field_10_1\">1<\/label><\/li><li class=\"choice-2 depth-1\"><input type=\"radio\" id=\"wpforms-5569-field_10_2\" name=\"wpforms[fields][10]\" value=\"5\" required ><label class=\"wpforms-field-label-inline\" for=\"wpforms-5569-field_10_2\">5<\/label><\/li><li class=\"choice-3 depth-1\"><input type=\"radio\" id=\"wpforms-5569-field_10_3\" name=\"wpforms[fields][10]\" value=\"10\" required ><label class=\"wpforms-field-label-inline\" for=\"wpforms-5569-field_10_3\">10<\/label><\/li><li class=\"choice-4 depth-1\"><input type=\"radio\" id=\"wpforms-5569-field_10_4\" name=\"wpforms[fields][10]\" value=\"25\" required ><label class=\"wpforms-field-label-inline\" for=\"wpforms-5569-field_10_4\">25<\/label><\/li><li class=\"choice-5 depth-1\"><input type=\"radio\" id=\"wpforms-5569-field_10_5\" name=\"wpforms[fields][10]\" value=\"50\" required ><label class=\"wpforms-field-label-inline\" for=\"wpforms-5569-field_10_5\">50<\/label><\/li><li class=\"choice-6 depth-1\"><input type=\"radio\" id=\"wpforms-5569-field_10_6\" name=\"wpforms[fields][10]\" value=\"100\" required ><label class=\"wpforms-field-label-inline\" for=\"wpforms-5569-field_10_6\">100<\/label><\/li><\/ul><\/div><div id=\"wpforms-5569-field_11-container\" class=\"wpforms-field wpforms-field-text\" data-field-id=\"11\"><label class=\"wpforms-field-label\" for=\"wpforms-5569-field_11\">Endere\u00e7o para entrega <span class=\"wpforms-required-label\">*<\/span><\/label><input type=\"text\" id=\"wpforms-5569-field_11\" class=\"wpforms-field-medium wpforms-field-required\" name=\"wpforms[fields][11]\" required><\/div><div id=\"wpforms-5569-field_5-container\" class=\"wpforms-field wpforms-field-textarea\" data-field-id=\"5\"><label class=\"wpforms-field-label\" for=\"wpforms-5569-field_5\">Use o espa\u00e7o abaixo para enviar observa\u00e7\u00f5es<\/label><textarea id=\"wpforms-5569-field_5\" class=\"wpforms-field-medium\" name=\"wpforms[fields][5]\" ><\/textarea><\/div><\/div><!-- .wpforms-field-container --><div class=\"wpforms-field wpforms-field-hp\"><label for=\"wpforms-5569-field-hp\" class=\"wpforms-field-label\">Comment<\/label><input type=\"text\" name=\"wpforms[hp]\" id=\"wpforms-5569-field-hp\" class=\"wpforms-field-medium\"><\/div><div class=\"wpforms-submit-container\" ><input type=\"hidden\" name=\"wpforms[id]\" value=\"5569\"><input type=\"hidden\" name=\"page_title\" value=\"\"><input type=\"hidden\" name=\"page_url\" value=\"https:\/\/rodrigowebdesigner.com\/site\/wp-json\/wp\/v2\/pages\/5558\"><input type=\"hidden\" name=\"url_referer\" value=\"\"><button type=\"submit\" name=\"wpforms[submit]\" id=\"wpforms-submit-5569\" class=\"wpforms-submit\" data-alt-text=\"Sending...\" data-submit-text=\"Enviar\" aria-live=\"assertive\" value=\"wpforms-submit\">Enviar<\/button><\/div><\/form><\/div>  <!-- .wpforms-container --><\/div>\n\t\t\t\t<\/div>\n\t\t\t\t<\/div>\n\t\t\t\t<\/div>\n\t\t<div class=\"elementor-element elementor-element-4b8a623 e-con-full e-flex e-con e-child\" data-id=\"4b8a623\" data-element_type=\"container\">\n\t\t\t\t<\/div>\n\t\t\t\t\t<\/div>\n\t\t\t\t<\/div>\n\t\t<div class=\"elementor-element elementor-element-bbc93a7 elementor-hidden-desktop e-flex e-con-boxed e-con e-parent\" data-id=\"bbc93a7\" data-element_type=\"container\">\n\t\t\t\t\t<div class=\"e-con-inner\">\n\t\t<div class=\"elementor-element elementor-element-a79b872 e-con-full e-flex e-con e-child\" data-id=\"a79b872\" data-element_type=\"container\">\n\t\t\t\t<\/div>\n\t\t<div class=\"elementor-element elementor-element-572ee0c e-con-full e-flex e-con e-child\" data-id=\"572ee0c\" data-element_type=\"container\">\n\t\t\t\t<div class=\"elementor-element elementor-element-4b05859 elementor-widget elementor-widget-wpforms\" data-id=\"4b05859\" data-element_type=\"widget\" data-widget_type=\"wpforms.default\">\n\t\t\t\t<div class=\"elementor-widget-container\">\n\t\t\t<div class=\"wpforms-container wpforms-container-full\" id=\"wpforms-5588\"><form id=\"wpforms-form-5588\" class=\"wpforms-validate wpforms-form\" data-formid=\"5588\" method=\"post\" enctype=\"multipart\/form-data\" action=\"\/site\/wp-json\/wp\/v2\/pages\/5558\" data-token=\"a4d05210cb335a91e2e4600fb315a037\" data-token-time=\"1778673825\"><noscript class=\"wpforms-error-noscript\">Please enable JavaScript in your browser to complete this form.<\/noscript><div class=\"wpforms-field-container\"><div id=\"wpforms-5588-field_1-container\" class=\"wpforms-field wpforms-field-name\" data-field-id=\"1\"><label class=\"wpforms-field-label\" for=\"wpforms-5588-field_1\">Nome <span class=\"wpforms-required-label\">*<\/span><\/label><input type=\"text\" id=\"wpforms-5588-field_1\" class=\"wpforms-field-medium wpforms-field-required\" name=\"wpforms[fields][1]\" required><\/div><div id=\"wpforms-5588-field_2-container\" class=\"wpforms-field wpforms-field-email\" data-field-id=\"2\"><label class=\"wpforms-field-label\" for=\"wpforms-5588-field_2\">Email <span class=\"wpforms-required-label\">*<\/span><\/label><input type=\"email\" id=\"wpforms-5588-field_2\" class=\"wpforms-field-medium wpforms-field-required\" name=\"wpforms[fields][2]\" spellcheck=\"false\" required><\/div><div id=\"wpforms-5588-field_3-container\" class=\"wpforms-field wpforms-field-text\" data-field-id=\"3\"><label class=\"wpforms-field-label\" for=\"wpforms-5588-field_3\">Fone <span class=\"wpforms-required-label\">*<\/span><\/label><input type=\"text\" id=\"wpforms-5588-field_3\" class=\"wpforms-field-medium wpforms-field-required\" name=\"wpforms[fields][3]\" required><\/div><div id=\"wpforms-5588-field_8-container\" class=\"wpforms-field wpforms-field-radio\" data-field-id=\"8\"><label class=\"wpforms-field-label\">Produto <span class=\"wpforms-required-label\">*<\/span><\/label><ul id=\"wpforms-5588-field_8\" class=\"wpforms-field-required\"><li class=\"choice-1 depth-1\"><input type=\"radio\" id=\"wpforms-5588-field_8_1\" name=\"wpforms[fields][8]\" value=\"Caneca Porcelana Branca 325ml\" required ><label class=\"wpforms-field-label-inline\" for=\"wpforms-5588-field_8_1\">Caneca Porcelana Branca 325ml<\/label><\/li><\/ul><\/div><div id=\"wpforms-5588-field_9-container\" class=\"wpforms-field wpforms-field-radio\" data-field-id=\"9\"><label class=\"wpforms-field-label\">Tamanho <span class=\"wpforms-required-label\">*<\/span><\/label><ul id=\"wpforms-5588-field_9\" class=\"wpforms-field-required\"><li class=\"choice-1 depth-1\"><input type=\"radio\" id=\"wpforms-5588-field_9_1\" name=\"wpforms[fields][9]\" value=\"20,5x10cm\" required ><label class=\"wpforms-field-label-inline\" for=\"wpforms-5588-field_9_1\">20,5x10cm<\/label><\/li><\/ul><\/div><div id=\"wpforms-5588-field_10-container\" class=\"wpforms-field wpforms-field-radio\" data-field-id=\"10\"><label class=\"wpforms-field-label\">Quantidade <span class=\"wpforms-required-label\">*<\/span><\/label><ul id=\"wpforms-5588-field_10\" class=\"wpforms-field-required\"><li class=\"choice-1 depth-1\"><input type=\"radio\" id=\"wpforms-5588-field_10_1\" name=\"wpforms[fields][10]\" value=\"1\" required ><label class=\"wpforms-field-label-inline\" for=\"wpforms-5588-field_10_1\">1<\/label><\/li><li class=\"choice-2 depth-1\"><input type=\"radio\" id=\"wpforms-5588-field_10_2\" name=\"wpforms[fields][10]\" value=\"5\" required ><label class=\"wpforms-field-label-inline\" for=\"wpforms-5588-field_10_2\">5<\/label><\/li><li class=\"choice-3 depth-1\"><input type=\"radio\" id=\"wpforms-5588-field_10_3\" name=\"wpforms[fields][10]\" value=\"10\" required ><label class=\"wpforms-field-label-inline\" for=\"wpforms-5588-field_10_3\">10<\/label><\/li><li class=\"choice-4 depth-1\"><input type=\"radio\" id=\"wpforms-5588-field_10_4\" name=\"wpforms[fields][10]\" value=\"25\" required ><label class=\"wpforms-field-label-inline\" for=\"wpforms-5588-field_10_4\">25<\/label><\/li><li class=\"choice-5 depth-1\"><input type=\"radio\" id=\"wpforms-5588-field_10_5\" name=\"wpforms[fields][10]\" value=\"50\" required ><label class=\"wpforms-field-label-inline\" for=\"wpforms-5588-field_10_5\">50<\/label><\/li><li class=\"choice-6 depth-1\"><input type=\"radio\" id=\"wpforms-5588-field_10_6\" name=\"wpforms[fields][10]\" value=\"100\" required ><label class=\"wpforms-field-label-inline\" for=\"wpforms-5588-field_10_6\">100<\/label><\/li><\/ul><\/div><div id=\"wpforms-5588-field_11-container\" class=\"wpforms-field wpforms-field-text\" data-field-id=\"11\"><label class=\"wpforms-field-label\" for=\"wpforms-5588-field_11\">Endere\u00e7o para entrega <span class=\"wpforms-required-label\">*<\/span><\/label><input type=\"text\" id=\"wpforms-5588-field_11\" class=\"wpforms-field-medium wpforms-field-required\" name=\"wpforms[fields][11]\" required><\/div><div id=\"wpforms-5588-field_5-container\" class=\"wpforms-field wpforms-field-textarea\" data-field-id=\"5\"><label class=\"wpforms-field-label\" for=\"wpforms-5588-field_5\">Use o espa\u00e7o abaixo para enviar observa\u00e7\u00f5es<\/label><textarea id=\"wpforms-5588-field_5\" class=\"wpforms-field-medium\" name=\"wpforms[fields][5]\" ><\/textarea><\/div><\/div><!-- .wpforms-field-container --><div class=\"wpforms-field wpforms-field-hp\"><label for=\"wpforms-5588-field-hp\" class=\"wpforms-field-label\">Website<\/label><input type=\"text\" name=\"wpforms[hp]\" id=\"wpforms-5588-field-hp\" class=\"wpforms-field-medium\"><\/div><div class=\"wpforms-submit-container\" ><input type=\"hidden\" name=\"wpforms[id]\" value=\"5588\"><input type=\"hidden\" name=\"page_title\" value=\"\"><input type=\"hidden\" name=\"page_url\" value=\"https:\/\/rodrigowebdesigner.com\/site\/wp-json\/wp\/v2\/pages\/5558\"><input type=\"hidden\" name=\"url_referer\" value=\"\"><button type=\"submit\" name=\"wpforms[submit]\" id=\"wpforms-submit-5588\" class=\"wpforms-submit\" data-alt-text=\"Sending...\" data-submit-text=\"Enviar\" aria-live=\"assertive\" value=\"wpforms-submit\">Enviar<\/button><\/div><\/form><\/div>  <!-- .wpforms-container -->\t\t<\/div>\n\t\t\t\t<\/div>\n\t\t\t\t<\/div>\n\t\t<div class=\"elementor-element elementor-element-00ca0e1 e-con-full e-flex e-con e-child\" data-id=\"00ca0e1\" data-element_type=\"container\">\n\t\t\t\t<\/div>\n\t\t\t\t\t<\/div>\n\t\t\t\t<\/div>\n\t\t\t\t<\/div>\n\t\t","protected":false},"excerpt":{"rendered":"<p>\ud83c\udfc6\u2615 ENTRE NO CLIMA DA COPA 2026 COM UMA CANECA PERSONALIZADA! SOLICITE SEU OR\u00c7AMENTO ATRAV\u00c9S DO FORMUL\u00c1RIO ABAIXO Please enable JavaScript in your browser to complete this form.Nome *Email *Fone *Produto * Caneca Porcelana Branca 325ml Tamanho * 20,5x10cm Quantidade * 1 5 10 25 50 100 Endere\u00e7o para entrega *Use o espa\u00e7o abaixo para [&hellip;]<\/p>\n","protected":false},"author":1,"featured_media":0,"parent":0,"menu_order":0,"comment_status":"closed","ping_status":"closed","template":"elementor_header_footer","meta":{"ocean_post_layout":"","ocean_both_sidebars_style":"","ocean_both_sidebars_content_width":0,"ocean_both_sidebars_sidebars_width":0,"ocean_sidebar":"","ocean_second_sidebar":"","ocean_disable_margins":"enable","ocean_add_body_class":"","ocean_shortcode_before_top_bar":"","ocean_shortcode_after_top_bar":"","ocean_shortcode_before_header":"","ocean_shortcode_after_header":"","ocean_has_shortcode":"","ocean_shortcode_after_title":"","ocean_shortcode_before_footer_widgets":"","ocean_shortcode_after_footer_widgets":"","ocean_shortcode_before_footer_bottom":"","ocean_shortcode_after_footer_bottom":"","ocean_display_top_bar":"default","ocean_display_header":"default","ocean_header_style":"","ocean_center_header_left_menu":"","ocean_custom_header_template":"","ocean_custom_logo":0,"ocean_custom_retina_logo":0,"ocean_custom_logo_max_width":0,"ocean_custom_logo_tablet_max_width":0,"ocean_custom_logo_mobile_max_width":0,"ocean_custom_logo_max_height":0,"ocean_custom_logo_tablet_max_height":0,"ocean_custom_logo_mobile_max_height":0,"ocean_header_custom_menu":"","ocean_menu_typo_font_family":"","ocean_menu_typo_font_subset":"","ocean_menu_typo_font_size":0,"ocean_menu_typo_font_size_tablet":0,"ocean_menu_typo_font_size_mobile":0,"ocean_menu_typo_font_size_unit":"px","ocean_menu_typo_font_weight":"","ocean_menu_typo_font_weight_tablet":"","ocean_menu_typo_font_weight_mobile":"","ocean_menu_typo_transform":"","ocean_menu_typo_transform_tablet":"","ocean_menu_typo_transform_mobile":"","ocean_menu_typo_line_height":0,"ocean_menu_typo_line_height_tablet":0,"ocean_menu_typo_line_height_mobile":0,"ocean_menu_typo_line_height_unit":"","ocean_menu_typo_spacing":0,"ocean_menu_typo_spacing_tablet":0,"ocean_menu_typo_spacing_mobile":0,"ocean_menu_typo_spacing_unit":"","ocean_menu_link_color":"","ocean_menu_link_color_hover":"","ocean_menu_link_color_active":"","ocean_menu_link_background":"","ocean_menu_link_hover_background":"","ocean_menu_link_active_background":"","ocean_menu_social_links_bg":"","ocean_menu_social_hover_links_bg":"","ocean_menu_social_links_color":"","ocean_menu_social_hover_links_color":"","ocean_disable_title":"default","ocean_disable_heading":"default","ocean_post_title":"","ocean_post_subheading":"","ocean_post_title_style":"","ocean_post_title_background_color":"","ocean_post_title_background":0,"ocean_post_title_bg_image_position":"","ocean_post_title_bg_image_attachment":"","ocean_post_title_bg_image_repeat":"","ocean_post_title_bg_image_size":"","ocean_post_title_height":0,"ocean_post_title_bg_overlay":0.5,"ocean_post_title_bg_overlay_color":"","ocean_disable_breadcrumbs":"default","ocean_breadcrumbs_color":"","ocean_breadcrumbs_separator_color":"","ocean_breadcrumbs_links_color":"","ocean_breadcrumbs_links_hover_color":"","ocean_display_footer_widgets":"default","ocean_display_footer_bottom":"default","ocean_custom_footer_template":"","h5ap_radio_sources":[],"footnotes":""},"ams_acf":[],"_links":{"self":[{"href":"https:\/\/rodrigowebdesigner.com\/site\/wp-json\/wp\/v2\/pages\/5558"}],"collection":[{"href":"https:\/\/rodrigowebdesigner.com\/site\/wp-json\/wp\/v2\/pages"}],"about":[{"href":"https:\/\/rodrigowebdesigner.com\/site\/wp-json\/wp\/v2\/types\/page"}],"author":[{"embeddable":true,"href":"https:\/\/rodrigowebdesigner.com\/site\/wp-json\/wp\/v2\/users\/1"}],"replies":[{"embeddable":true,"href":"https:\/\/rodrigowebdesigner.com\/site\/wp-json\/wp\/v2\/comments?post=5558"}],"version-history":[{"count":25,"href":"https:\/\/rodrigowebdesigner.com\/site\/wp-json\/wp\/v2\/pages\/5558\/revisions"}],"predecessor-version":[{"id":5596,"href":"https:\/\/rodrigowebdesigner.com\/site\/wp-json\/wp\/v2\/pages\/5558\/revisions\/5596"}],"wp:attachment":[{"href":"https:\/\/rodrigowebdesigner.com\/site\/wp-json\/wp\/v2\/media?parent=5558"}],"curies":[{"name":"wp","href":"https:\/\/api.w.org\/{rel}","templated":true}]}}