{"id":703,"date":"2020-10-09T17:30:20","date_gmt":"2020-10-09T17:30:20","guid":{"rendered":"http:\/\/rodrigowebdesigner.com\/site\/?page_id=703"},"modified":"2023-08-23T11:20:51","modified_gmt":"2023-08-23T11:20:51","slug":"apresentacao-para-empresas","status":"publish","type":"page","link":"https:\/\/rodrigowebdesigner.com\/site\/apresentacao-para-empresas\/","title":{"rendered":"Apresenta\u00e7\u00e3o para empresas"},"content":{"rendered":"\t\t<div data-elementor-type=\"wp-page\" data-elementor-id=\"703\" class=\"elementor elementor-703\" data-elementor-post-type=\"page\">\n\t\t\t\t\t\t<section class=\"elementor-section elementor-top-section elementor-element elementor-element-8a40d47 elementor-section-boxed elementor-section-height-default elementor-section-height-default\" data-id=\"8a40d47\" data-element_type=\"section\">\n\t\t\t\t\t\t<div class=\"elementor-container elementor-column-gap-default\">\n\t\t\t\t\t<div class=\"elementor-column elementor-col-100 elementor-top-column elementor-element elementor-element-bd21af4\" data-id=\"bd21af4\" data-element_type=\"column\">\n\t\t\t<div class=\"elementor-widget-wrap elementor-element-populated\">\n\t\t\t\t\t\t<div class=\"elementor-element elementor-element-781bf69 elementor-widget elementor-widget-text-editor\" data-id=\"781bf69\" data-element_type=\"widget\" data-widget_type=\"text-editor.default\">\n\t\t\t\t<div class=\"elementor-widget-container\">\n\t\t\t\t\t\t\t<p style=\"text-align: center;\"><strong>Veja as apresenta\u00e7\u00f5es que desenvolvemos para os clientes.<\/strong><\/p>\t\t\t\t\t\t<\/div>\n\t\t\t\t<\/div>\n\t\t\t\t\t<\/div>\n\t\t<\/div>\n\t\t\t\t\t<\/div>\n\t\t<\/section>\n\t\t\t\t<section class=\"elementor-section elementor-top-section elementor-element elementor-element-7a7ce1a elementor-section-boxed elementor-section-height-default elementor-section-height-default\" data-id=\"7a7ce1a\" data-element_type=\"section\">\n\t\t\t\t\t\t<div class=\"elementor-container elementor-column-gap-default\">\n\t\t\t\t\t<div class=\"elementor-column elementor-col-100 elementor-top-column elementor-element elementor-element-23d373e\" data-id=\"23d373e\" data-element_type=\"column\">\n\t\t\t<div class=\"elementor-widget-wrap elementor-element-populated\">\n\t\t\t\t\t\t<div class=\"elementor-element elementor-element-20c0f0d elementor-align-center elementor-button-danger elementor-widget elementor-widget-button\" data-id=\"20c0f0d\" data-element_type=\"widget\" data-widget_type=\"button.default\">\n\t\t\t\t<div class=\"elementor-widget-container\">\n\t\t\t\t\t<div class=\"elementor-button-wrapper\">\n\t\t\t<a class=\"elementor-button elementor-button-link elementor-size-sm\" href=\"https:\/\/api.whatsapp.com\/send?phone=5541996039860\" target=\"_blank\">\n\t\t\t\t\t\t<span class=\"elementor-button-content-wrapper\">\n\t\t\t\t\t\t<span class=\"elementor-button-icon elementor-align-icon-left\">\n\t\t\t\t<i aria-hidden=\"true\" class=\"fab fa-whatsapp\"><\/i>\t\t\t<\/span>\n\t\t\t\t\t\t\t\t\t<span class=\"elementor-button-text\">Solicite aqui seu or\u00e7amento<\/span>\n\t\t\t\t\t<\/span>\n\t\t\t\t\t<\/a>\n\t\t<\/div>\n\t\t\t\t<\/div>\n\t\t\t\t<\/div>\n\t\t\t\t\t<\/div>\n\t\t<\/div>\n\t\t\t\t\t<\/div>\n\t\t<\/section>\n\t\t\t\t<section class=\"elementor-section elementor-top-section elementor-element elementor-element-cd66fce elementor-section-boxed elementor-section-height-default elementor-section-height-default\" data-id=\"cd66fce\" data-element_type=\"section\">\n\t\t\t\t\t\t<div class=\"elementor-container elementor-column-gap-default\">\n\t\t\t\t\t<div class=\"elementor-column elementor-col-50 elementor-top-column elementor-element elementor-element-d3d735c\" data-id=\"d3d735c\" data-element_type=\"column\">\n\t\t\t<div class=\"elementor-widget-wrap elementor-element-populated\">\n\t\t\t\t\t\t<div class=\"elementor-element elementor-element-f79a9d6 elementor-widget elementor-widget-image\" data-id=\"f79a9d6\" data-element_type=\"widget\" data-widget_type=\"image.default\">\n\t\t\t\t<div class=\"elementor-widget-container\">\n\t\t\t\t\t\t\t\t\t\t\t\t\t<img fetchpriority=\"high\" decoding=\"async\" width=\"768\" height=\"432\" src=\"https:\/\/rodrigowebdesigner.com\/site\/wp-content\/uploads\/2020\/10\/RW-768x432.jpg\" class=\"attachment-medium_large size-medium_large wp-image-706\" alt=\"\" srcset=\"https:\/\/rodrigowebdesigner.com\/site\/wp-content\/uploads\/2020\/10\/RW-768x432.jpg 768w, https:\/\/rodrigowebdesigner.com\/site\/wp-content\/uploads\/2020\/10\/RW-300x169.jpg 300w, https:\/\/rodrigowebdesigner.com\/site\/wp-content\/uploads\/2020\/10\/RW-1024x576.jpg 1024w, https:\/\/rodrigowebdesigner.com\/site\/wp-content\/uploads\/2020\/10\/RW.jpg 1280w\" sizes=\"(max-width: 768px) 100vw, 768px\" \/>\t\t\t\t\t\t\t\t\t\t\t\t\t<\/div>\n\t\t\t\t<\/div>\n\t\t\t\t<div class=\"elementor-element elementor-element-e531377 elementor-align-center elementor-button-warning elementor-widget elementor-widget-button\" data-id=\"e531377\" data-element_type=\"widget\" data-widget_type=\"button.default\">\n\t\t\t\t<div class=\"elementor-widget-container\">\n\t\t\t\t\t<div class=\"elementor-button-wrapper\">\n\t\t\t<a class=\"elementor-button elementor-button-link elementor-size-sm\" href=\"https:\/\/rodrigowebdesigner.com\/apresentacaoempresas\/RW.pdf\" target=\"_blank\">\n\t\t\t\t\t\t<span class=\"elementor-button-content-wrapper\">\n\t\t\t\t\t\t\t\t\t<span class=\"elementor-button-text\">Download da apresenta\u00e7\u00e3o<\/span>\n\t\t\t\t\t<\/span>\n\t\t\t\t\t<\/a>\n\t\t<\/div>\n\t\t\t\t<\/div>\n\t\t\t\t<\/div>\n\t\t\t\t\t<\/div>\n\t\t<\/div>\n\t\t\t\t<div class=\"elementor-column elementor-col-50 elementor-top-column elementor-element elementor-element-ab4b2b6\" data-id=\"ab4b2b6\" data-element_type=\"column\">\n\t\t\t<div class=\"elementor-widget-wrap elementor-element-populated\">\n\t\t\t\t\t\t<div class=\"elementor-element elementor-element-3be0717 elementor-widget elementor-widget-image\" data-id=\"3be0717\" data-element_type=\"widget\" data-widget_type=\"image.default\">\n\t\t\t\t<div class=\"elementor-widget-container\">\n\t\t\t\t\t\t\t\t\t\t\t\t\t<img decoding=\"async\" width=\"768\" height=\"432\" src=\"https:\/\/rodrigowebdesigner.com\/site\/wp-content\/uploads\/2023\/08\/Copia-de-Anjos-uniformes-768x432.jpg\" class=\"attachment-medium_large size-medium_large wp-image-4335\" alt=\"\" srcset=\"https:\/\/rodrigowebdesigner.com\/site\/wp-content\/uploads\/2023\/08\/Copia-de-Anjos-uniformes-768x432.jpg 768w, https:\/\/rodrigowebdesigner.com\/site\/wp-content\/uploads\/2023\/08\/Copia-de-Anjos-uniformes-300x169.jpg 300w, https:\/\/rodrigowebdesigner.com\/site\/wp-content\/uploads\/2023\/08\/Copia-de-Anjos-uniformes-1024x576.jpg 1024w, https:\/\/rodrigowebdesigner.com\/site\/wp-content\/uploads\/2023\/08\/Copia-de-Anjos-uniformes-1536x864.jpg 1536w, https:\/\/rodrigowebdesigner.com\/site\/wp-content\/uploads\/2023\/08\/Copia-de-Anjos-uniformes-800x450.jpg 800w, https:\/\/rodrigowebdesigner.com\/site\/wp-content\/uploads\/2023\/08\/Copia-de-Anjos-uniformes.jpg 1920w\" sizes=\"(max-width: 768px) 100vw, 768px\" \/>\t\t\t\t\t\t\t\t\t\t\t\t\t<\/div>\n\t\t\t\t<\/div>\n\t\t\t\t<div class=\"elementor-element elementor-element-ca20011 elementor-align-center elementor-button-warning elementor-widget elementor-widget-button\" data-id=\"ca20011\" data-element_type=\"widget\" data-widget_type=\"button.default\">\n\t\t\t\t<div class=\"elementor-widget-container\">\n\t\t\t\t\t<div class=\"elementor-button-wrapper\">\n\t\t\t<a class=\"elementor-button elementor-button-link elementor-size-sm\" href=\"https:\/\/rodrigowebdesigner.com\/apresentacaoempresas\/Anjos%20uniformes.pdf\" target=\"_blank\">\n\t\t\t\t\t\t<span class=\"elementor-button-content-wrapper\">\n\t\t\t\t\t\t\t\t\t<span class=\"elementor-button-text\">Download da apresenta\u00e7\u00e3o<\/span>\n\t\t\t\t\t<\/span>\n\t\t\t\t\t<\/a>\n\t\t<\/div>\n\t\t\t\t<\/div>\n\t\t\t\t<\/div>\n\t\t\t\t\t<\/div>\n\t\t<\/div>\n\t\t\t\t\t<\/div>\n\t\t<\/section>\n\t\t\t\t<section class=\"elementor-section elementor-top-section elementor-element elementor-element-31c8376 elementor-section-boxed elementor-section-height-default elementor-section-height-default\" data-id=\"31c8376\" data-element_type=\"section\">\n\t\t\t\t\t\t<div class=\"elementor-container elementor-column-gap-default\">\n\t\t\t\t\t<div class=\"elementor-column elementor-col-50 elementor-top-column elementor-element elementor-element-bb028db\" data-id=\"bb028db\" data-element_type=\"column\">\n\t\t\t<div class=\"elementor-widget-wrap elementor-element-populated\">\n\t\t\t\t\t\t<div class=\"elementor-element elementor-element-2c33ed2 elementor-widget elementor-widget-image\" data-id=\"2c33ed2\" data-element_type=\"widget\" data-widget_type=\"image.default\">\n\t\t\t\t<div class=\"elementor-widget-container\">\n\t\t\t\t\t\t\t\t\t\t\t\t\t<img decoding=\"async\" width=\"768\" height=\"576\" src=\"https:\/\/rodrigowebdesigner.com\/site\/wp-content\/uploads\/2020\/10\/POSITIVOSERVICE-768x576.jpg\" class=\"attachment-medium_large size-medium_large wp-image-707\" alt=\"\" srcset=\"https:\/\/rodrigowebdesigner.com\/site\/wp-content\/uploads\/2020\/10\/POSITIVOSERVICE-768x576.jpg 768w, https:\/\/rodrigowebdesigner.com\/site\/wp-content\/uploads\/2020\/10\/POSITIVOSERVICE-300x225.jpg 300w, https:\/\/rodrigowebdesigner.com\/site\/wp-content\/uploads\/2020\/10\/POSITIVOSERVICE.jpg 960w\" sizes=\"(max-width: 768px) 100vw, 768px\" \/>\t\t\t\t\t\t\t\t\t\t\t\t\t<\/div>\n\t\t\t\t<\/div>\n\t\t\t\t<div class=\"elementor-element elementor-element-5b7d019 elementor-align-center elementor-button-warning elementor-widget elementor-widget-button\" data-id=\"5b7d019\" data-element_type=\"widget\" data-widget_type=\"button.default\">\n\t\t\t\t<div class=\"elementor-widget-container\">\n\t\t\t\t\t<div class=\"elementor-button-wrapper\">\n\t\t\t<a class=\"elementor-button elementor-button-link elementor-size-sm\" href=\"https:\/\/rodrigowebdesigner.com\/apresentacaoempresas\/POSITIVOSERVICE.pdf\" target=\"_blank\">\n\t\t\t\t\t\t<span class=\"elementor-button-content-wrapper\">\n\t\t\t\t\t\t\t\t\t<span class=\"elementor-button-text\">Download da apresenta\u00e7\u00e3o<\/span>\n\t\t\t\t\t<\/span>\n\t\t\t\t\t<\/a>\n\t\t<\/div>\n\t\t\t\t<\/div>\n\t\t\t\t<\/div>\n\t\t\t\t\t<\/div>\n\t\t<\/div>\n\t\t\t\t<div class=\"elementor-column elementor-col-50 elementor-top-column elementor-element elementor-element-4088066\" data-id=\"4088066\" data-element_type=\"column\">\n\t\t\t<div class=\"elementor-widget-wrap elementor-element-populated\">\n\t\t\t\t\t\t<div class=\"elementor-element elementor-element-3b83b64 elementor-widget elementor-widget-image\" data-id=\"3b83b64\" data-element_type=\"widget\" data-widget_type=\"image.default\">\n\t\t\t\t<div class=\"elementor-widget-container\">\n\t\t\t\t\t\t\t\t\t\t\t\t\t<img loading=\"lazy\" decoding=\"async\" width=\"1024\" height=\"576\" src=\"https:\/\/rodrigowebdesigner.com\/site\/wp-content\/uploads\/2020\/10\/HELOISAHELENACAVALCANTE-1024x576.jpg\" class=\"attachment-large size-large wp-image-708\" alt=\"\" srcset=\"https:\/\/rodrigowebdesigner.com\/site\/wp-content\/uploads\/2020\/10\/HELOISAHELENACAVALCANTE-1024x576.jpg 1024w, https:\/\/rodrigowebdesigner.com\/site\/wp-content\/uploads\/2020\/10\/HELOISAHELENACAVALCANTE-300x169.jpg 300w, https:\/\/rodrigowebdesigner.com\/site\/wp-content\/uploads\/2020\/10\/HELOISAHELENACAVALCANTE-768x432.jpg 768w, https:\/\/rodrigowebdesigner.com\/site\/wp-content\/uploads\/2020\/10\/HELOISAHELENACAVALCANTE.jpg 1280w\" sizes=\"(max-width: 1024px) 100vw, 1024px\" \/>\t\t\t\t\t\t\t\t\t\t\t\t\t<\/div>\n\t\t\t\t<\/div>\n\t\t\t\t<div class=\"elementor-element elementor-element-dffc7f4 elementor-align-center elementor-button-warning elementor-widget elementor-widget-button\" data-id=\"dffc7f4\" data-element_type=\"widget\" data-widget_type=\"button.default\">\n\t\t\t\t<div class=\"elementor-widget-container\">\n\t\t\t\t\t<div class=\"elementor-button-wrapper\">\n\t\t\t<a class=\"elementor-button elementor-button-link elementor-size-sm\" href=\"https:\/\/rodrigowebdesigner.com\/apresentacaoempresas\/HELOISAHELENACAVALCANTE.pdf\" target=\"_blank\">\n\t\t\t\t\t\t<span class=\"elementor-button-content-wrapper\">\n\t\t\t\t\t\t\t\t\t<span class=\"elementor-button-text\">Download da apresenta\u00e7\u00e3o<\/span>\n\t\t\t\t\t<\/span>\n\t\t\t\t\t<\/a>\n\t\t<\/div>\n\t\t\t\t<\/div>\n\t\t\t\t<\/div>\n\t\t\t\t\t<\/div>\n\t\t<\/div>\n\t\t\t\t\t<\/div>\n\t\t<\/section>\n\t\t\t\t<\/div>\n\t\t","protected":false},"excerpt":{"rendered":"<p>Veja as apresenta\u00e7\u00f5es que desenvolvemos para os clientes. Solicite aqui seu or\u00e7amento Download da apresenta\u00e7\u00e3o Download da apresenta\u00e7\u00e3o Download da apresenta\u00e7\u00e3o Download da apresenta\u00e7\u00e3o<\/p>\n","protected":false},"author":1,"featured_media":0,"parent":0,"menu_order":0,"comment_status":"closed","ping_status":"closed","template":"","meta":{"ocean_post_layout":"","ocean_both_sidebars_style":"","ocean_both_sidebars_content_width":0,"ocean_both_sidebars_sidebars_width":0,"ocean_sidebar":"0","ocean_second_sidebar":"0","ocean_disable_margins":"enable","ocean_add_body_class":"","ocean_shortcode_before_top_bar":"","ocean_shortcode_after_top_bar":"","ocean_shortcode_before_header":"","ocean_shortcode_after_header":"","ocean_has_shortcode":"","ocean_shortcode_after_title":"","ocean_shortcode_before_footer_widgets":"","ocean_shortcode_after_footer_widgets":"","ocean_shortcode_before_footer_bottom":"","ocean_shortcode_after_footer_bottom":"","ocean_display_top_bar":"default","ocean_display_header":"default","ocean_header_style":"","ocean_center_header_left_menu":"0","ocean_custom_header_template":"0","ocean_custom_logo":0,"ocean_custom_retina_logo":0,"ocean_custom_logo_max_width":0,"ocean_custom_logo_tablet_max_width":0,"ocean_custom_logo_mobile_max_width":0,"ocean_custom_logo_max_height":0,"ocean_custom_logo_tablet_max_height":0,"ocean_custom_logo_mobile_max_height":0,"ocean_header_custom_menu":"0","ocean_menu_typo_font_family":"0","ocean_menu_typo_font_subset":"","ocean_menu_typo_font_size":0,"ocean_menu_typo_font_size_tablet":0,"ocean_menu_typo_font_size_mobile":0,"ocean_menu_typo_font_size_unit":"px","ocean_menu_typo_font_weight":"","ocean_menu_typo_font_weight_tablet":"","ocean_menu_typo_font_weight_mobile":"","ocean_menu_typo_transform":"","ocean_menu_typo_transform_tablet":"","ocean_menu_typo_transform_mobile":"","ocean_menu_typo_line_height":0,"ocean_menu_typo_line_height_tablet":0,"ocean_menu_typo_line_height_mobile":0,"ocean_menu_typo_line_height_unit":"","ocean_menu_typo_spacing":0,"ocean_menu_typo_spacing_tablet":0,"ocean_menu_typo_spacing_mobile":0,"ocean_menu_typo_spacing_unit":"","ocean_menu_link_color":"","ocean_menu_link_color_hover":"","ocean_menu_link_color_active":"","ocean_menu_link_background":"","ocean_menu_link_hover_background":"","ocean_menu_link_active_background":"","ocean_menu_social_links_bg":"","ocean_menu_social_hover_links_bg":"","ocean_menu_social_links_color":"","ocean_menu_social_hover_links_color":"","ocean_disable_title":"default","ocean_disable_heading":"default","ocean_post_title":"","ocean_post_subheading":"","ocean_post_title_style":"","ocean_post_title_background_color":"","ocean_post_title_background":0,"ocean_post_title_bg_image_position":"","ocean_post_title_bg_image_attachment":"","ocean_post_title_bg_image_repeat":"","ocean_post_title_bg_image_size":"","ocean_post_title_height":0,"ocean_post_title_bg_overlay":0.5,"ocean_post_title_bg_overlay_color":"","ocean_disable_breadcrumbs":"default","ocean_breadcrumbs_color":"","ocean_breadcrumbs_separator_color":"","ocean_breadcrumbs_links_color":"","ocean_breadcrumbs_links_hover_color":"","ocean_display_footer_widgets":"default","ocean_display_footer_bottom":"default","ocean_custom_footer_template":"0","h5ap_radio_sources":[],"footnotes":""},"ams_acf":[],"_links":{"self":[{"href":"https:\/\/rodrigowebdesigner.com\/site\/wp-json\/wp\/v2\/pages\/703"}],"collection":[{"href":"https:\/\/rodrigowebdesigner.com\/site\/wp-json\/wp\/v2\/pages"}],"about":[{"href":"https:\/\/rodrigowebdesigner.com\/site\/wp-json\/wp\/v2\/types\/page"}],"author":[{"embeddable":true,"href":"https:\/\/rodrigowebdesigner.com\/site\/wp-json\/wp\/v2\/users\/1"}],"replies":[{"embeddable":true,"href":"https:\/\/rodrigowebdesigner.com\/site\/wp-json\/wp\/v2\/comments?post=703"}],"version-history":[{"count":26,"href":"https:\/\/rodrigowebdesigner.com\/site\/wp-json\/wp\/v2\/pages\/703\/revisions"}],"predecessor-version":[{"id":4341,"href":"https:\/\/rodrigowebdesigner.com\/site\/wp-json\/wp\/v2\/pages\/703\/revisions\/4341"}],"wp:attachment":[{"href":"https:\/\/rodrigowebdesigner.com\/site\/wp-json\/wp\/v2\/media?parent=703"}],"curies":[{"name":"wp","href":"https:\/\/api.w.org\/{rel}","templated":true}]}}